{"id":2,"date":"2016-05-06T16:12:29","date_gmt":"2016-05-06T14:12:29","guid":{"rendered":"http:\/\/www.zen-fotografie.net\/wordpress\/?page_id=2"},"modified":"2016-05-30T17:08:05","modified_gmt":"2016-05-30T15:08:05","slug":"zen-fotografie","status":"publish","type":"page","link":"https:\/\/www.zen-fotografie.net\/?page_id=2","title":{"rendered":"Zen-Fotografie"},"content":{"rendered":"<p><a href=\"https:\/\/www.zen-fotografie.net\/wordpress\/wp-content\/uploads\/2016\/05\/Schilf-und-Farn-\u00a9-Lars-Baus-2014.jpg\"><img loading=\"lazy\" decoding=\"async\" class=\"alignleft wp-image-344 size-medium\" src=\"https:\/\/www.zen-fotografie.net\/wordpress\/wp-content\/uploads\/2016\/05\/Schilf-und-Farn-\u00a9-Lars-Baus-2014-225x300.jpg\" alt=\"Schilf und Farn \u00a9 Lars Baus 2014\" width=\"225\" height=\"300\" srcset=\"https:\/\/www.zen-fotografie.net\/wordpress\/wp-content\/uploads\/2016\/05\/Schilf-und-Farn-\u00a9-Lars-Baus-2014-225x300.jpg 225w, https:\/\/www.zen-fotografie.net\/wordpress\/wp-content\/uploads\/2016\/05\/Schilf-und-Farn-\u00a9-Lars-Baus-2014-768x1024.jpg 768w, https:\/\/www.zen-fotografie.net\/wordpress\/wp-content\/uploads\/2016\/05\/Schilf-und-Farn-\u00a9-Lars-Baus-2014-624x832.jpg 624w, https:\/\/www.zen-fotografie.net\/wordpress\/wp-content\/uploads\/2016\/05\/Schilf-und-Farn-\u00a9-Lars-Baus-2014.jpg 1000w\" sizes=\"auto, (max-width: 225px) 100vw, 225px\" \/><\/a>Zen-Gestaltung ist eng verbunden mit der japanischen \u00c4sthetik, auch wenn fr\u00fche Impulse aus China kamen. Betont wird gern die Schlichtheit und Subtilit\u00e4t der Sujets. Die \u00c4sthetik des Zen steht f\u00fcr Einfachheit, Nat\u00fcrlichkeit und Verbundenheit mit der Natur. Zen-M\u00f6nche haben schon immer mit einfachen Mitteln \u2013 Pinsel, Farbe, Papier, Holz oder Keramik \u2013 Kunstwerke geschaffen, die an die Verg\u00e4nglichkeit des Lebens erinnern. Ihre Motive waren die Pflanzen, B\u00e4ume, Landschaften, Menschen und Tiere in der Umgebung des Klosters, das oft abgeschieden in den Bergen lag. Diese Kunst erlebte ihre h\u00f6chste Bl\u00fcte in Japan, wo sie auf ein \u00e4sthetisches Empfinden traf, das mit diesen Werten spielte.<\/p>\n<p align=\"justified\">Zen-Kunst weist auf die Verbundenheit der Dinge hin und kann vertiefte spirituelle Einsichten verschaffen. Der typische Zen-Stil ist gepr\u00e4gt durch klare Kompositionen, einfache Formen und teilweise karge Arrangements. Material, Textur und Form der Motive werden hervorgehoben. Auch die Exotik und F\u00fclle der Natur kann zum Gegenstand von Zen-Bildern werden. Hier tut sich ein reizvoller Kontrast zwischen kr\u00e4ftigen, leuchtenden Farben und strenger, geometrischer Linienf\u00fchrung auf. Es ist vor allem die Liebe zur Sch\u00f6nheit der Sch\u00f6pfung, die Zen-K\u00fcnstlern immer wieder Inspiration liefert: ein fr\u00fcher Sonnenstrahl trifft die zarte Bl\u00fcte, ein toter Ast im Schnee, Wasser umflie\u00dft den Stein. Die Motive handeln vom Werden und Vergehen der Dinge und verweisen dabei auf den Kreislauf des Lebens. Gerade die Sch\u00f6nheit im Allt\u00e4glichen, das Besondere an der Welt vor unserer T\u00fcr, dient als Quelle f\u00fcr bildnerische Erz\u00e4hlungen und Einsicht in die Sch\u00f6nheit des Seins.<\/p>\n<p align=\"justified\"><a href=\"https:\/\/www.zen-fotografie.net\/wordpress\/wp-content\/uploads\/2016\/05\/Fels-und-Zweig-im-Schnee-\u00a9-Lars-Baus-2014.jpg\"><img loading=\"lazy\" decoding=\"async\" class=\"alignright wp-image-213\" src=\"https:\/\/www.zen-fotografie.net\/wordpress\/wp-content\/uploads\/2016\/05\/Fels-und-Zweig-im-Schnee-\u00a9-Lars-Baus-2014-300x225.jpg\" alt=\"Fels und Zweig im Schnee \u00a9 Lars Baus 2014\" width=\"400\" height=\"300\" srcset=\"https:\/\/www.zen-fotografie.net\/wordpress\/wp-content\/uploads\/2016\/05\/Fels-und-Zweig-im-Schnee-\u00a9-Lars-Baus-2014-300x225.jpg 300w, https:\/\/www.zen-fotografie.net\/wordpress\/wp-content\/uploads\/2016\/05\/Fels-und-Zweig-im-Schnee-\u00a9-Lars-Baus-2014-768x576.jpg 768w, https:\/\/www.zen-fotografie.net\/wordpress\/wp-content\/uploads\/2016\/05\/Fels-und-Zweig-im-Schnee-\u00a9-Lars-Baus-2014-1024x768.jpg 1024w, https:\/\/www.zen-fotografie.net\/wordpress\/wp-content\/uploads\/2016\/05\/Fels-und-Zweig-im-Schnee-\u00a9-Lars-Baus-2014-624x468.jpg 624w, https:\/\/www.zen-fotografie.net\/wordpress\/wp-content\/uploads\/2016\/05\/Fels-und-Zweig-im-Schnee-\u00a9-Lars-Baus-2014.jpg 1333w\" sizes=\"auto, (max-width: 400px) 100vw, 400px\" \/><\/a>In der Gestaltung wird Unn\u00f6tiges weggelassen. Durch den schlichten Aufbau kommt die innere Kraft des Dargestellten zur Geltung, nichts lenkt von der Wahrnehmung ab. Zen-Fotografie kann unmittelbar und direkt die Gef\u00fchle ausdr\u00fccken, die bei der Betrachtung von etwas Sch\u00f6nem entstehen, manchmal auch verbunden mit dem Bewusstsein der Verg\u00e4nglichkeit der Dinge. Ein weiteres Gestaltungsprinzip ist es, Aussagen nur anzudeuten, so dass der Betrachter das Bild im Geiste vollendet. Ein Zen-Bild kann Leere und weiten Raum darstellen, einen fl\u00fcchtigen Augenblick einfangen oder sich auf ein Detail konzentrieren, ebenso wie es in der Meditation m\u00f6glich ist.<\/p>\n<p>Zen-Fotografie wendet diese Gestaltungsprinzipien auf das Medium Fotografie an und \u00fcbersetzt die Inhalte in die heutige Zeit. Zen-Fotografie versteht sich als eine Schule des Sehens.<\/p>\n<p>&nbsp;<\/p>\n","protected":false},"excerpt":{"rendered":"<p>Zen-Gestaltung ist eng verbunden mit der japanischen \u00c4sthetik, auch wenn fr\u00fche Impulse aus China kamen. Betont wird gern die Schlichtheit und Subtilit\u00e4t der Sujets. Die \u00c4sthetik des Zen steht f\u00fcr Einfachheit, Nat\u00fcrlichkeit und Verbundenheit mit der Natur. Zen-M\u00f6nche haben schon immer mit einfachen Mitteln \u2013 Pinsel, Farbe, Papier, Holz oder Keramik \u2013 Kunstwerke geschaffen, die [&hellip;]<\/p>\n","protected":false},"author":1,"featured_media":0,"parent":0,"menu_order":2,"comment_status":"closed","ping_status":"open","template":"page-templates\/full-width.php","meta":{"footnotes":""},"class_list":["post-2","page","type-page","status-publish","hentry"],"yoast_head":"<!-- This site is optimized with the Yoast SEO plugin v19.1 - https:\/\/yoast.com\/wordpress\/plugins\/seo\/ -->\n<title>ZEN-FOTOGRAFIE von Lars Baus - Was ist Zen-Fotografie?<\/title>\n<meta name=\"description\" content=\"Zen-Fotografie von Lars Baus. Die \u00c4sthetik des Zen steht f\u00fcr die Sch\u00f6nheit im Allt\u00e4glichen, f\u00fcr Einfachheit, Nat\u00fcrlichkeit und Verbundenheit mit der Natur.\" \/>\n<meta name=\"robots\" content=\"index, follow, max-snippet:-1, max-image-preview:large, max-video-preview:-1\" \/>\n<link rel=\"canonical\" href=\"https:\/\/www.zen-fotografie.net\/?page_id=2\" \/>\n<meta property=\"og:locale\" content=\"de_DE\" \/>\n<meta property=\"og:type\" content=\"article\" \/>\n<meta property=\"og:title\" content=\"ZEN-FOTOGRAFIE von Lars Baus - Was ist Zen-Fotografie?\" \/>\n<meta property=\"og:description\" content=\"Zen-Fotografie von Lars Baus. Die \u00c4sthetik des Zen steht f\u00fcr die Sch\u00f6nheit im Allt\u00e4glichen, f\u00fcr Einfachheit, Nat\u00fcrlichkeit und Verbundenheit mit der Natur.\" \/>\n<meta property=\"og:url\" content=\"https:\/\/www.zen-fotografie.net\/?page_id=2\" \/>\n<meta property=\"og:site_name\" content=\"ZEN-FOTOGRAFIE\" \/>\n<meta property=\"article:modified_time\" content=\"2016-05-30T15:08:05+00:00\" \/>\n<meta name=\"twitter:card\" content=\"summary\" \/>\n<meta name=\"twitter:label1\" content=\"Gesch\u00e4tzte Lesezeit\" \/>\n\t<meta name=\"twitter:data1\" content=\"2\u00a0Minuten\" \/>\n<script type=\"application\/ld+json\" class=\"yoast-schema-graph\">{\"@context\":\"https:\/\/schema.org\",\"@graph\":[{\"@type\":\"WebSite\",\"@id\":\"https:\/\/www.zen-fotografie.net\/#website\",\"url\":\"https:\/\/www.zen-fotografie.net\/\",\"name\":\"ZEN-FOTOGRAFIE\",\"description\":\"Meditationen f\u00fcr das Auge von Lars Baus\",\"potentialAction\":[{\"@type\":\"SearchAction\",\"target\":{\"@type\":\"EntryPoint\",\"urlTemplate\":\"https:\/\/www.zen-fotografie.net\/?s={search_term_string}\"},\"query-input\":\"required name=search_term_string\"}],\"inLanguage\":\"de\"},{\"@type\":\"WebPage\",\"@id\":\"https:\/\/www.zen-fotografie.net\/?page_id=2#webpage\",\"url\":\"https:\/\/www.zen-fotografie.net\/?page_id=2\",\"name\":\"ZEN-FOTOGRAFIE von Lars Baus - Was ist Zen-Fotografie?\",\"isPartOf\":{\"@id\":\"https:\/\/www.zen-fotografie.net\/#website\"},\"datePublished\":\"2016-05-06T14:12:29+00:00\",\"dateModified\":\"2016-05-30T15:08:05+00:00\",\"description\":\"Zen-Fotografie von Lars Baus. Die \u00c4sthetik des Zen steht f\u00fcr die Sch\u00f6nheit im Allt\u00e4glichen, f\u00fcr Einfachheit, Nat\u00fcrlichkeit und Verbundenheit mit der Natur.\",\"breadcrumb\":{\"@id\":\"https:\/\/www.zen-fotografie.net\/?page_id=2#breadcrumb\"},\"inLanguage\":\"de\",\"potentialAction\":[{\"@type\":\"ReadAction\",\"target\":[\"https:\/\/www.zen-fotografie.net\/?page_id=2\"]}]},{\"@type\":\"BreadcrumbList\",\"@id\":\"https:\/\/www.zen-fotografie.net\/?page_id=2#breadcrumb\",\"itemListElement\":[{\"@type\":\"ListItem\",\"position\":1,\"name\":\"Startseite\",\"item\":\"https:\/\/www.zen-fotografie.net\/\"},{\"@type\":\"ListItem\",\"position\":2,\"name\":\"Zen-Fotografie\"}]}]}<\/script>\n<!-- \/ Yoast SEO plugin. -->","yoast_head_json":{"title":"ZEN-FOTOGRAFIE von Lars Baus - Was ist Zen-Fotografie?","description":"Zen-Fotografie von Lars Baus. Die \u00c4sthetik des Zen steht f\u00fcr die Sch\u00f6nheit im Allt\u00e4glichen, f\u00fcr Einfachheit, Nat\u00fcrlichkeit und Verbundenheit mit der Natur.","robots":{"index":"index","follow":"follow","max-snippet":"max-snippet:-1","max-image-preview":"max-image-preview:large","max-video-preview":"max-video-preview:-1"},"canonical":"https:\/\/www.zen-fotografie.net\/?page_id=2","og_locale":"de_DE","og_type":"article","og_title":"ZEN-FOTOGRAFIE von Lars Baus - Was ist Zen-Fotografie?","og_description":"Zen-Fotografie von Lars Baus. Die \u00c4sthetik des Zen steht f\u00fcr die Sch\u00f6nheit im Allt\u00e4glichen, f\u00fcr Einfachheit, Nat\u00fcrlichkeit und Verbundenheit mit der Natur.","og_url":"https:\/\/www.zen-fotografie.net\/?page_id=2","og_site_name":"ZEN-FOTOGRAFIE","article_modified_time":"2016-05-30T15:08:05+00:00","twitter_card":"summary","twitter_misc":{"Gesch\u00e4tzte Lesezeit":"2\u00a0Minuten"},"schema":{"@context":"https:\/\/schema.org","@graph":[{"@type":"WebSite","@id":"https:\/\/www.zen-fotografie.net\/#website","url":"https:\/\/www.zen-fotografie.net\/","name":"ZEN-FOTOGRAFIE","description":"Meditationen f\u00fcr das Auge von Lars Baus","potentialAction":[{"@type":"SearchAction","target":{"@type":"EntryPoint","urlTemplate":"https:\/\/www.zen-fotografie.net\/?s={search_term_string}"},"query-input":"required name=search_term_string"}],"inLanguage":"de"},{"@type":"WebPage","@id":"https:\/\/www.zen-fotografie.net\/?page_id=2#webpage","url":"https:\/\/www.zen-fotografie.net\/?page_id=2","name":"ZEN-FOTOGRAFIE von Lars Baus - Was ist Zen-Fotografie?","isPartOf":{"@id":"https:\/\/www.zen-fotografie.net\/#website"},"datePublished":"2016-05-06T14:12:29+00:00","dateModified":"2016-05-30T15:08:05+00:00","description":"Zen-Fotografie von Lars Baus. Die \u00c4sthetik des Zen steht f\u00fcr die Sch\u00f6nheit im Allt\u00e4glichen, f\u00fcr Einfachheit, Nat\u00fcrlichkeit und Verbundenheit mit der Natur.","breadcrumb":{"@id":"https:\/\/www.zen-fotografie.net\/?page_id=2#breadcrumb"},"inLanguage":"de","potentialAction":[{"@type":"ReadAction","target":["https:\/\/www.zen-fotografie.net\/?page_id=2"]}]},{"@type":"BreadcrumbList","@id":"https:\/\/www.zen-fotografie.net\/?page_id=2#breadcrumb","itemListElement":[{"@type":"ListItem","position":1,"name":"Startseite","item":"https:\/\/www.zen-fotografie.net\/"},{"@type":"ListItem","position":2,"name":"Zen-Fotografie"}]}]}},"_links":{"self":[{"href":"https:\/\/www.zen-fotografie.net\/index.php?rest_route=\/wp\/v2\/pages\/2","targetHints":{"allow":["GET"]}}],"collection":[{"href":"https:\/\/www.zen-fotografie.net\/index.php?rest_route=\/wp\/v2\/pages"}],"about":[{"href":"https:\/\/www.zen-fotografie.net\/index.php?rest_route=\/wp\/v2\/types\/page"}],"author":[{"embeddable":true,"href":"https:\/\/www.zen-fotografie.net\/index.php?rest_route=\/wp\/v2\/users\/1"}],"replies":[{"embeddable":true,"href":"https:\/\/www.zen-fotografie.net\/index.php?rest_route=%2Fwp%2Fv2%2Fcomments&post=2"}],"version-history":[{"count":12,"href":"https:\/\/www.zen-fotografie.net\/index.php?rest_route=\/wp\/v2\/pages\/2\/revisions"}],"predecessor-version":[{"id":398,"href":"https:\/\/www.zen-fotografie.net\/index.php?rest_route=\/wp\/v2\/pages\/2\/revisions\/398"}],"wp:attachment":[{"href":"https:\/\/www.zen-fotografie.net\/index.php?rest_route=%2Fwp%2Fv2%2Fmedia&parent=2"}],"curies":[{"name":"wp","href":"https:\/\/api.w.org\/{rel}","templated":true}]}}