{"id":78,"date":"2016-05-12T10:26:50","date_gmt":"2016-05-12T08:26:50","guid":{"rendered":"http:\/\/www.zen-fotografie.net\/wordpress\/?page_id=78"},"modified":"2018-05-22T17:59:29","modified_gmt":"2018-05-22T15:59:29","slug":"kontakt","status":"publish","type":"page","link":"https:\/\/www.zen-fotografie.net\/?page_id=78","title":{"rendered":"Kontakt"},"content":{"rendered":"<h2 align=\"justified\"><strong>Impressum und Datenschutzerkl\u00e4rung<br \/>\n<\/strong><\/h2>\n<p align=\"justified\">V.i.S.d.P.:<\/p>\n<p align=\"justified\">ZEN-FOTOGRAFIE<br \/>\nLars Baus<br \/>\nDipl.-Medienberater<br \/>\nEhrenbergstr. 29<br \/>\nD-14195 Berlin<br \/>\n++49\/30\/8325804<\/p>\n<p><a href=\"mailto:mail@zen-fotografie.net\">mail@zen-fotografie.net<\/a><br \/>\n<a href=\"https:\/\/www.zen-fotografie.net\">www.zen-fotografie.net<\/a><\/p>\n<p><strong>Haftungsausschluss<\/strong><\/p>\n<p align=\"justified\">ZEN-FOTOGRAFIE oder Lars Baus \u00fcbernimmt keine Haftung f\u00fcr Sch\u00e4den materieller oder immaterieller Art, die durch die Nutzung der bereitgestellten Inhalte verursacht wurden. Insbesondere ausgeschlossen ist die Haftung f\u00fcr solche Sch\u00e4den, die sich aus der Nutzung von Internet-Seiten ergeben, die mit diesen Seiten verlinkt sind. Verantwortlich f\u00fcr Beitr\u00e4ge von mit diesen Internet-Seiten verlinkten Seiten ist der jeweilige Verfasser. Es gelten die allgemeinen Vorschriften.<\/p>\n<p><strong>Copyright-Informationen<\/strong><\/p>\n<p align=\"justified\">Alle Bilder, Texte und grafischen Elemente dieser Website unterliegen dem Urheberrechtsgesetz. Jedes Kopieren, Herunterladen, Digitalisieren oder jede sonstige Verwendung ohne das schriftliche vorherige Einverst\u00e4ndnis des Autors ist strafbar und wird unverz\u00fcglich juristisch verfolgt.<\/p>\n<p align=\"justified\">\u00a9 2018 Lars Baus<\/p>\n<p align=\"justified\">\n<h2><strong>Datenschutzerkl\u00e4rung<\/strong><\/h2>\n<h4>Grunds\u00e4tzliches<\/h4>\n<p>Mit dieser Datenschutzerkl\u00e4rung werden die Nutzer dieser Website \u00fcber Art, Umfang und Zweck der Erhebung und Verwendung personenbezogener Daten durch den Websitebetreiber Lars Baus, Ehrenbergstr. 29, 14195 Berlin informiert. Der Datenschutz wird von dem Betreiber dieser Website sehr ernst genommen. Ihre personenbezogenen Daten werden daher vertraulich und entsprechend der geltenden gesetzlichen Vorschriften behandelt. Bitte lesen Sie diese Datenschutzerkl\u00e4rung in regelm\u00e4\u00dfigen Abst\u00e4nden wieder, da aufgrund neuer Technologien und st\u00e4ndiger Weiterentwicklung dieser Webseite \u00c4nderungen an dieser Datenschutzerkl\u00e4rung vorgenommen werden k\u00f6nnen. Die Definitionen der hier verwendeten Begriffe (etwa \u201cpersonenbezogene Daten\u201d oder \u201cVerarbeitung\u201d) finden Sie in Art. 4 DSGVO.<\/p>\n<h4>Erheben von Zugriffsdaten<\/h4>\n<p>Die Websitebetreiber bzw. Seitenprovider erheben aufgrund berechtigten Interesses (s. Art. 6 Abs. 1 lit. f. DSGVO) Daten \u00fcber Zugriffe auf die Website und speichern diese als \u201eServer-Logfiles\u201c auf dem Server der Website ab. Folgende Daten werden so protokolliert:<\/p>\n<ul>\n<li>Besuchte Website<\/li>\n<li>Uhrzeit zum Zeitpunkt des Zugriffes<\/li>\n<li>Menge der gesendeten Daten in Byte<\/li>\n<li>Quelle\/Verweis, von welchem Sie auf die Seite gelangten<\/li>\n<li>Verwendeter Browser<\/li>\n<li>Verwendetes Betriebssystem<\/li>\n<li>Verwendete IP-Adresse<\/li>\n<\/ul>\n<p>Die Server-Logfiles werden f\u00fcr maximal 7 Tage gespeichert und anschlie\u00dfend gel\u00f6scht. Die Speicherung der Daten erfolgt aus Sicherheitsgr\u00fcnden, um z. B. Missbrauchsf\u00e4lle aufkl\u00e4ren zu k\u00f6nnen. M\u00fcssen Daten aus Beweisgr\u00fcnden aufgehoben werden, sind sie solange von der L\u00f6schung ausgenommen bis der Vorfall endg\u00fcltig gekl\u00e4rt ist.<\/p>\n<p><strong>Erfassung und Verarbeitung personenbezogener Daten<\/strong><\/p>\n<p>Der Websitebetreiber erhebt, nutzt und gibt Ihre personenbezogenen Daten nur dann weiter, wenn dies im gesetzlichen Rahmen erlaubt ist oder Sie in die Datenerhebung einwilligen.<\/p>\n<p>Als personenbezogene Daten gelten s\u00e4mtliche Informationen, welche dazu dienen, Ihre Person zu bestimmen und welche zu Ihnen zur\u00fcckverfolgt werden k\u00f6nnen \u2013 also beispielsweise Ihr Name, Ihre E-Mail-Adresse und Telefonnummer.<\/p>\n<p>Diese Website k\u00f6nnen Sie auch besuchen, ohne Angaben zu Ihrer Person zu machen. Zur Verbesserung unseres Online-Angebotes speichern wir jedoch (ohne Personenbezug) Ihre Zugriffsdaten auf diese Website. Zu diesen Zugriffsdaten geh\u00f6ren z. B. die von Ihnen angeforderte Datei oder der Name Ihres Internet-Providers. Durch die Anonymisierung der Daten sind R\u00fcckschl\u00fcsse auf Ihre Person nicht m\u00f6glich.<\/p>\n<p><strong>Umgang mit Kontaktdaten<\/strong><\/p>\n<p>Nehmen Sie mit mir als Websitebetreiber durch die angebotenen Kontaktm\u00f6glichkeiten Verbindung auf, werden Ihre Angaben gespeichert, damit auf diese zur Bearbeitung und Beantwortung Ihrer Anfrage zur\u00fcckgegriffen werden kann. Ohne Ihre Einwilligung werden diese Daten nicht an Dritte weitergegeben.<\/p>\n<p><strong>Rechte des Nutzers<\/strong><\/p>\n<p>Sie haben als Nutzer das Recht, auf Antrag eine kostenlose Auskunft dar\u00fcber zu erhalten, welche personenbezogenen Daten \u00fcber Sie gespeichert wurden. Sie haben au\u00dferdem das Recht auf Berichtigung falscher Daten und auf die Verarbeitungseinschr\u00e4nkung oder L\u00f6schung Ihrer personenbezogenen Daten.<\/p>\n<p><strong>L\u00f6schung von Daten<\/strong><\/p>\n<p>Sofern Ihr Wunsch nicht mit einer gesetzlichen Pflicht zur Aufbewahrung von Daten (z. B. Vorratsdatenspeicherung) kollidiert, haben Sie ein Anrecht auf L\u00f6schung Ihrer Daten. Von uns gespeicherte Daten werden, sollten sie f\u00fcr ihre Zweckbestimmung nicht mehr vonn\u00f6ten sein und es keine gesetzlichen Aufbewahrungsfristen geben, gel\u00f6scht. Falls eine L\u00f6schung nicht durchgef\u00fchrt werden kann, da die Daten f\u00fcr zul\u00e4ssige gesetzliche Zwecke erforderlich sind, erfolgt eine Einschr\u00e4nkung der Datenverarbeitung. In diesem Fall werden die Daten gesperrt und nicht f\u00fcr andere Zwecke verarbeitet.<\/p>\n<h4>Widerspruchsrecht<\/h4>\n<p>Nutzer dieser Webseite k\u00f6nnen von ihrem Widerspruchsrecht Gebrauch machen und der Verarbeitung ihrer personenbezogenen Daten zu jeder Zeit widersprechen. Wenn Sie eine Berichtigung, Sperrung, L\u00f6schung oder Auskunft \u00fcber die zu Ihrer Person gespeicherten personenbezogenen Daten w\u00fcnschen oder Fragen bzgl. der Erhebung, Verarbeitung oder Verwendung Ihrer personenbezogenen Daten haben oder erteilte Einwilligungen widerrufen m\u00f6chten, wenden Sie sich bitte an folgende E-Mail-Adresse: <a href=\"mailto:mail@larsbaus.de\">mail@larsbaus.de<\/a><\/p>\n","protected":false},"excerpt":{"rendered":"<p>Impressum und Datenschutzerkl\u00e4rung V.i.S.d.P.: ZEN-FOTOGRAFIE Lars Baus Dipl.-Medienberater Ehrenbergstr. 29 D-14195 Berlin ++49\/30\/8325804 mail@zen-fotografie.net www.zen-fotografie.net Haftungsausschluss ZEN-FOTOGRAFIE oder Lars Baus \u00fcbernimmt keine Haftung f\u00fcr Sch\u00e4den materieller oder immaterieller Art, die durch die Nutzung der bereitgestellten Inhalte verursacht wurden. Insbesondere ausgeschlossen ist die Haftung f\u00fcr solche Sch\u00e4den, die sich aus der Nutzung von Internet-Seiten ergeben, die [&hellip;]<\/p>\n","protected":false},"author":1,"featured_media":0,"parent":0,"menu_order":9,"comment_status":"closed","ping_status":"closed","template":"page-templates\/full-width.php","meta":{"footnotes":""},"class_list":["post-78","page","type-page","status-publish","hentry"],"yoast_head":"<!-- This site is optimized with the Yoast SEO plugin v19.1 - https:\/\/yoast.com\/wordpress\/plugins\/seo\/ -->\n<title>ZEN-FOTOGRAFIE von Lars Baus - Kontakt<\/title>\n<meta name=\"description\" content=\"ZEN-FOTOGRAFIE Lars Baus, Ehrenbergstr. 29, 14195 Berlin, Tel. 030\/8325804, www.zen.fotografie.net, mail@zen-fotografie.net\" \/>\n<meta name=\"robots\" content=\"index, follow, max-snippet:-1, max-image-preview:large, max-video-preview:-1\" \/>\n<link rel=\"canonical\" href=\"https:\/\/www.zen-fotografie.net\/?page_id=78\" \/>\n<meta property=\"og:locale\" content=\"de_DE\" \/>\n<meta property=\"og:type\" content=\"article\" \/>\n<meta property=\"og:title\" content=\"ZEN-FOTOGRAFIE von Lars Baus - Kontakt\" \/>\n<meta property=\"og:description\" content=\"ZEN-FOTOGRAFIE Lars Baus, Ehrenbergstr. 29, 14195 Berlin, Tel. 030\/8325804, www.zen.fotografie.net, mail@zen-fotografie.net\" \/>\n<meta property=\"og:url\" content=\"https:\/\/www.zen-fotografie.net\/?page_id=78\" \/>\n<meta property=\"og:site_name\" content=\"ZEN-FOTOGRAFIE\" \/>\n<meta property=\"article:modified_time\" content=\"2018-05-22T15:59:29+00:00\" \/>\n<meta name=\"twitter:card\" content=\"summary\" \/>\n<meta name=\"twitter:label1\" content=\"Gesch\u00e4tzte Lesezeit\" \/>\n\t<meta name=\"twitter:data1\" content=\"4\u00a0Minuten\" \/>\n<script type=\"application\/ld+json\" class=\"yoast-schema-graph\">{\"@context\":\"https:\/\/schema.org\",\"@graph\":[{\"@type\":\"WebSite\",\"@id\":\"https:\/\/www.zen-fotografie.net\/#website\",\"url\":\"https:\/\/www.zen-fotografie.net\/\",\"name\":\"ZEN-FOTOGRAFIE\",\"description\":\"Meditationen f\u00fcr das Auge von Lars Baus\",\"potentialAction\":[{\"@type\":\"SearchAction\",\"target\":{\"@type\":\"EntryPoint\",\"urlTemplate\":\"https:\/\/www.zen-fotografie.net\/?s={search_term_string}\"},\"query-input\":\"required name=search_term_string\"}],\"inLanguage\":\"de\"},{\"@type\":\"WebPage\",\"@id\":\"https:\/\/www.zen-fotografie.net\/?page_id=78#webpage\",\"url\":\"https:\/\/www.zen-fotografie.net\/?page_id=78\",\"name\":\"ZEN-FOTOGRAFIE von Lars Baus - Kontakt\",\"isPartOf\":{\"@id\":\"https:\/\/www.zen-fotografie.net\/#website\"},\"datePublished\":\"2016-05-12T08:26:50+00:00\",\"dateModified\":\"2018-05-22T15:59:29+00:00\",\"description\":\"ZEN-FOTOGRAFIE Lars Baus, Ehrenbergstr. 29, 14195 Berlin, Tel. 030\/8325804, www.zen.fotografie.net, mail@zen-fotografie.net\",\"breadcrumb\":{\"@id\":\"https:\/\/www.zen-fotografie.net\/?page_id=78#breadcrumb\"},\"inLanguage\":\"de\",\"potentialAction\":[{\"@type\":\"ReadAction\",\"target\":[\"https:\/\/www.zen-fotografie.net\/?page_id=78\"]}]},{\"@type\":\"BreadcrumbList\",\"@id\":\"https:\/\/www.zen-fotografie.net\/?page_id=78#breadcrumb\",\"itemListElement\":[{\"@type\":\"ListItem\",\"position\":1,\"name\":\"Startseite\",\"item\":\"https:\/\/www.zen-fotografie.net\/\"},{\"@type\":\"ListItem\",\"position\":2,\"name\":\"Kontakt\"}]}]}<\/script>\n<!-- \/ Yoast SEO plugin. -->","yoast_head_json":{"title":"ZEN-FOTOGRAFIE von Lars Baus - Kontakt","description":"ZEN-FOTOGRAFIE Lars Baus, Ehrenbergstr. 29, 14195 Berlin, Tel. 030\/8325804, www.zen.fotografie.net, mail@zen-fotografie.net","robots":{"index":"index","follow":"follow","max-snippet":"max-snippet:-1","max-image-preview":"max-image-preview:large","max-video-preview":"max-video-preview:-1"},"canonical":"https:\/\/www.zen-fotografie.net\/?page_id=78","og_locale":"de_DE","og_type":"article","og_title":"ZEN-FOTOGRAFIE von Lars Baus - Kontakt","og_description":"ZEN-FOTOGRAFIE Lars Baus, Ehrenbergstr. 29, 14195 Berlin, Tel. 030\/8325804, www.zen.fotografie.net, mail@zen-fotografie.net","og_url":"https:\/\/www.zen-fotografie.net\/?page_id=78","og_site_name":"ZEN-FOTOGRAFIE","article_modified_time":"2018-05-22T15:59:29+00:00","twitter_card":"summary","twitter_misc":{"Gesch\u00e4tzte Lesezeit":"4\u00a0Minuten"},"schema":{"@context":"https:\/\/schema.org","@graph":[{"@type":"WebSite","@id":"https:\/\/www.zen-fotografie.net\/#website","url":"https:\/\/www.zen-fotografie.net\/","name":"ZEN-FOTOGRAFIE","description":"Meditationen f\u00fcr das Auge von Lars Baus","potentialAction":[{"@type":"SearchAction","target":{"@type":"EntryPoint","urlTemplate":"https:\/\/www.zen-fotografie.net\/?s={search_term_string}"},"query-input":"required name=search_term_string"}],"inLanguage":"de"},{"@type":"WebPage","@id":"https:\/\/www.zen-fotografie.net\/?page_id=78#webpage","url":"https:\/\/www.zen-fotografie.net\/?page_id=78","name":"ZEN-FOTOGRAFIE von Lars Baus - Kontakt","isPartOf":{"@id":"https:\/\/www.zen-fotografie.net\/#website"},"datePublished":"2016-05-12T08:26:50+00:00","dateModified":"2018-05-22T15:59:29+00:00","description":"ZEN-FOTOGRAFIE Lars Baus, Ehrenbergstr. 29, 14195 Berlin, Tel. 030\/8325804, www.zen.fotografie.net, mail@zen-fotografie.net","breadcrumb":{"@id":"https:\/\/www.zen-fotografie.net\/?page_id=78#breadcrumb"},"inLanguage":"de","potentialAction":[{"@type":"ReadAction","target":["https:\/\/www.zen-fotografie.net\/?page_id=78"]}]},{"@type":"BreadcrumbList","@id":"https:\/\/www.zen-fotografie.net\/?page_id=78#breadcrumb","itemListElement":[{"@type":"ListItem","position":1,"name":"Startseite","item":"https:\/\/www.zen-fotografie.net\/"},{"@type":"ListItem","position":2,"name":"Kontakt"}]}]}},"_links":{"self":[{"href":"https:\/\/www.zen-fotografie.net\/index.php?rest_route=\/wp\/v2\/pages\/78","targetHints":{"allow":["GET"]}}],"collection":[{"href":"https:\/\/www.zen-fotografie.net\/index.php?rest_route=\/wp\/v2\/pages"}],"about":[{"href":"https:\/\/www.zen-fotografie.net\/index.php?rest_route=\/wp\/v2\/types\/page"}],"author":[{"embeddable":true,"href":"https:\/\/www.zen-fotografie.net\/index.php?rest_route=\/wp\/v2\/users\/1"}],"replies":[{"embeddable":true,"href":"https:\/\/www.zen-fotografie.net\/index.php?rest_route=%2Fwp%2Fv2%2Fcomments&post=78"}],"version-history":[{"count":3,"href":"https:\/\/www.zen-fotografie.net\/index.php?rest_route=\/wp\/v2\/pages\/78\/revisions"}],"predecessor-version":[{"id":418,"href":"https:\/\/www.zen-fotografie.net\/index.php?rest_route=\/wp\/v2\/pages\/78\/revisions\/418"}],"wp:attachment":[{"href":"https:\/\/www.zen-fotografie.net\/index.php?rest_route=%2Fwp%2Fv2%2Fmedia&parent=78"}],"curies":[{"name":"wp","href":"https:\/\/api.w.org\/{rel}","templated":true}]}}